{"id":526,"date":"2025-10-27T15:50:23","date_gmt":"2025-10-27T21:50:23","guid":{"rendered":"https:\/\/jhonny.publicar.me\/gyneskin\/?page_id=526"},"modified":"2025-10-27T15:55:10","modified_gmt":"2025-10-27T21:55:10","slug":"dra-lilian-del-carmen-orellana","status":"publish","type":"page","link":"https:\/\/jhonny.publicar.me\/gyneskin\/dra-lilian-del-carmen-orellana\/","title":{"rendered":"Dra. Lilian del Carmen Orellana"},"content":{"rendered":"\t\t<div data-elementor-type=\"wp-page\" data-elementor-id=\"526\" class=\"elementor elementor-526\" data-elementor-post-type=\"page\">\n\t\t\t\t<div class=\"elementor-element elementor-element-8ff5110 e-flex e-con-boxed e-con e-parent\" data-id=\"8ff5110\" data-element_type=\"container\">\n\t\t\t\t\t<div class=\"e-con-inner\">\n\t\t<div class=\"elementor-element elementor-element-f057993 e-con-full e-flex e-con e-child\" data-id=\"f057993\" data-element_type=\"container\">\n\t\t\t\t<div class=\"elementor-element elementor-element-5aad224 elementor-widget elementor-widget-image\" data-id=\"5aad224\" data-element_type=\"widget\" data-widget_type=\"image.default\">\n\t\t\t\t\t\t\t\t\t\t\t\t\t\t\t<img fetchpriority=\"high\" decoding=\"async\" width=\"960\" height=\"1088\" src=\"https:\/\/jhonny.publicar.me\/gyneskin\/wp-content\/uploads\/dra-orellana.webp\" class=\"attachment-large size-large wp-image-198\" alt=\"\" srcset=\"https:\/\/jhonny.publicar.me\/gyneskin\/wp-content\/uploads\/dra-orellana.webp 960w, https:\/\/jhonny.publicar.me\/gyneskin\/wp-content\/uploads\/dra-orellana-768x870.webp 768w\" sizes=\"(max-width: 960px) 100vw, 960px\" \/>\t\t\t\t\t\t\t\t\t\t\t\t\t\t\t<\/div>\n\t\t\t\t<\/div>\n\t\t<div class=\"elementor-element elementor-element-2acccd0 e-con-full e-flex e-con e-child\" data-id=\"2acccd0\" data-element_type=\"container\">\n\t\t\t\t<div class=\"elementor-element elementor-element-5b04245 elementor-widget elementor-widget-heading\" data-id=\"5b04245\" data-element_type=\"widget\" data-widget_type=\"heading.default\">\n\t\t\t\t\t<h2 class=\"elementor-heading-title elementor-size-default\">Dra. Lilian del Carmen Orellana<\/h2>\t\t\t\t<\/div>\n\t\t\t\t<div class=\"elementor-element elementor-element-7c096c1 elementor-widget elementor-widget-heading\" data-id=\"7c096c1\" data-element_type=\"widget\" data-widget_type=\"heading.default\">\n\t\t\t\t\t<h2 class=\"elementor-heading-title elementor-size-default\">Estudios Superiores\n<\/h2>\t\t\t\t<\/div>\n\t\t\t\t<div class=\"elementor-element elementor-element-dc95cdf elementor-widget elementor-widget-text-editor\" data-id=\"dc95cdf\" data-element_type=\"widget\" data-widget_type=\"text-editor.default\">\n\t\t\t\t\t\t\t\t\t<ul class=\"wp-block-list\"><li>Doctorado en Medicina \u2013 Universidad de El Salvador<\/li><li>Post-Grados<ul class=\"wp-block-list\"><li>Ginecolog\u00eda y Obstetricia (2004-2006) Hospital Nacional de Maternidad.<\/li><li>Medicina de la Reproducci\u00f3n (2007-2008). Hospital Nacional de Maternidad.<\/li><li>Diplomado en Ultrasonograf\u00eda Ginec\u00f3l\u00f3gica y Obst\u00e9trica (Julio-Septiembre 2012) Universidad Dr. Jos\u00e9 Mat\u00edas Delgado.<\/li><\/ul><\/li><\/ul>\t\t\t\t\t\t\t\t<\/div>\n\t\t\t\t<div class=\"elementor-element elementor-element-c6c846c elementor-widget elementor-widget-heading\" data-id=\"c6c846c\" data-element_type=\"widget\" data-widget_type=\"heading.default\">\n\t\t\t\t\t<h2 class=\"elementor-heading-title elementor-size-default\">Experiencia Laboral\n<\/h2>\t\t\t\t<\/div>\n\t\t\t\t<div class=\"elementor-element elementor-element-4483e6b elementor-widget elementor-widget-text-editor\" data-id=\"4483e6b\" data-element_type=\"widget\" data-widget_type=\"text-editor.default\">\n\t\t\t\t\t\t\t\t\t<ul class=\"wp-block-list\"><li>Atenci\u00f3n a Pacientes en cl\u00ednica Privada desde 2006 hasta la fecha.<\/li><li>M\u00e9dico Residente de Ginecolog\u00eda y Obstetricia, Hospital Nacional de Maternidad (de Enero de 2004 a Diciembre de 2006).<\/li><li>M\u00e9dico Residente de Medicina de la Reproducci\u00f3n, Hospital Nacional de Maternidad (de Enero de 2007 a Diciembre de 2008).<\/li><\/ul>\t\t\t\t\t\t\t\t<\/div>\n\t\t\t\t<div class=\"elementor-element elementor-element-ec5adf9 elementor-widget elementor-widget-heading\" data-id=\"ec5adf9\" data-element_type=\"widget\" data-widget_type=\"heading.default\">\n\t\t\t\t\t<h2 class=\"elementor-heading-title elementor-size-default\">Experiencia Laboral\n<\/h2>\t\t\t\t<\/div>\n\t\t\t\t<div class=\"elementor-element elementor-element-965836d elementor-widget elementor-widget-text-editor\" data-id=\"965836d\" data-element_type=\"widget\" data-widget_type=\"text-editor.default\">\n\t\t\t\t\t\t\t\t\t<ul class=\"wp-block-list\"><li>Atenci\u00f3n de J\u00f3venes.<\/li><li>Mujeres en edad F\u00e9rtil.<\/li><li>Se\u00f1oras en Etapa Climat\u00e9rica<\/li><li>Estudio de Pareja Inf\u00e9rtil<\/li><li>Control Prenatal<\/li><li>Toma de citolog\u00eda<\/li><li>Planificaci\u00f3n Familiar<\/li><li>Atenci\u00f3n de Partos Vaginales<\/li><li>Realizaci\u00f3n de Ces\u00e1reas<\/li><li>Menopausia y Climaterio<\/li><li>Cirug\u00eda Ginecol\u00f3gica<\/li><li>Cirug\u00eda por Videolaparoscop\u00eda<\/li><li>Enfermedades de la Mujer<\/li><li>Ultrasonogaf\u00eda Obst\u00e9trica y Ginecol\u00f3gica<\/li><\/ul>\t\t\t\t\t\t\t\t<\/div>\n\t\t\t\t<div class=\"elementor-element elementor-element-13c5db2 elementor-widget elementor-widget-heading\" data-id=\"13c5db2\" data-element_type=\"widget\" data-widget_type=\"heading.default\">\n\t\t\t\t\t<h2 class=\"elementor-heading-title elementor-size-default\">Asistencia a Congresos y Seminarios\n<\/h2>\t\t\t\t<\/div>\n\t\t\t\t<div class=\"elementor-element elementor-element-ad4779f elementor-widget elementor-widget-text-editor\" data-id=\"ad4779f\" data-element_type=\"widget\" data-widget_type=\"text-editor.default\">\n\t\t\t\t\t\t\t\t\t<ul class=\"wp-block-list\"><li>Congreso Nacional de Ginecolog\u00eda 2013<\/li><li>Congreso BAYER 2013; Lima, Per\u00fa<\/li><li>Jornada de Educaci\u00f3n Cont\u00ednua en Climaterio y Menopausia, ASOGOES 2012.<\/li><li>Congreso Nacional de Ginecolog\u00eda 2011<\/li><li>Diplomado en Reducci\u00f3n de Violencia de G\u00e9nero. PSI-PASMO 2011.<\/li><li>Congreso Asociaci\u00f3n Americana de Medicina Reproductiva 2010.<\/li><li>Congreso Nacional de Ginecolog\u00eda 2010.<\/li><li>Congreso Nacional de Ginecolog\u00eda 2009.<\/li><li>Taller de Proveedores para la Inserci\u00f3n de DIU y Jadelle. PASMO-MSPASS 2009.<\/li><li>Jornada \u201cConociendo el C\u00e1ncer de Mama\u201d Hospital Nacional de Maternidad 2008.<\/li><li>Congreso FECASOG 2008.<\/li><li>Curso Te\u00f3rico de Ultrasonograf\u00eda en Medicina Materno-Fetal.<\/li><li>VIII Jornada de Prevenci\u00f3n de la Transmisi\u00f3n Materno Infantil VIH\/SIDA<\/li><li>Curso Pre-Congreso de Acreditaci\u00f3n para el Tamizaje de Aneuploid\u00edas en el Primer Trimestre en el Marco del Proyecto Fetal Test 2007.<\/li><li>Congreso Nacional de Ginecolog\u00eda 2007.<\/li><li>Congreso FECASOG 2006.<\/li><li>Congreso Nacional de Ginecolog\u00eda 2006.<\/li><li>Jornada Perinatol\u00f3gica 2004. Hospital Nacional de Maternidad y SAMS.<\/li><li>Congreso Conmemorativo del 50 Aniversario del Hospital Nacional de Maternidad.<\/li><\/ul>\t\t\t\t\t\t\t\t<\/div>\n\t\t\t\t<\/div>\n\t\t\t\t\t<\/div>\n\t\t\t\t<\/div>\n\t\t\t\t<\/div>\n\t\t","protected":false},"excerpt":{"rendered":"<p>Dra. Lilian del Carmen Orellana Estudios Superiores Doctorado en Medicina \u2013 Universidad de El Salvador Post-Grados Ginecolog\u00eda y Obstetricia (2004-2006) Hospital Nacional de Maternidad. Medicina de la Reproducci\u00f3n (2007-2008). Hospital Nacional de Maternidad. Diplomado en Ultrasonograf\u00eda Ginec\u00f3l\u00f3gica y Obst\u00e9trica (Julio-Septiembre 2012) Universidad Dr. Jos\u00e9 Mat\u00edas Delgado. Experiencia Laboral Atenci\u00f3n a Pacientes en cl\u00ednica Privada desde [&hellip;]<\/p>\n","protected":false},"author":1,"featured_media":0,"parent":0,"menu_order":0,"comment_status":"closed","ping_status":"closed","template":"elementor_header_footer","meta":{"footnotes":""},"class_list":["post-526","page","type-page","status-publish","hentry"],"_links":{"self":[{"href":"https:\/\/jhonny.publicar.me\/gyneskin\/wp-json\/wp\/v2\/pages\/526","targetHints":{"allow":["GET"]}}],"collection":[{"href":"https:\/\/jhonny.publicar.me\/gyneskin\/wp-json\/wp\/v2\/pages"}],"about":[{"href":"https:\/\/jhonny.publicar.me\/gyneskin\/wp-json\/wp\/v2\/types\/page"}],"author":[{"embeddable":true,"href":"https:\/\/jhonny.publicar.me\/gyneskin\/wp-json\/wp\/v2\/users\/1"}],"replies":[{"embeddable":true,"href":"https:\/\/jhonny.publicar.me\/gyneskin\/wp-json\/wp\/v2\/comments?post=526"}],"version-history":[{"count":8,"href":"https:\/\/jhonny.publicar.me\/gyneskin\/wp-json\/wp\/v2\/pages\/526\/revisions"}],"predecessor-version":[{"id":573,"href":"https:\/\/jhonny.publicar.me\/gyneskin\/wp-json\/wp\/v2\/pages\/526\/revisions\/573"}],"wp:attachment":[{"href":"https:\/\/jhonny.publicar.me\/gyneskin\/wp-json\/wp\/v2\/media?parent=526"}],"curies":[{"name":"wp","href":"https:\/\/api.w.org\/{rel}","templated":true}]}}